{"id":1586,"date":"2023-02-27T08:42:19","date_gmt":"2023-02-27T08:42:19","guid":{"rendered":"https:\/\/aemoda.com\/nueva\/what-we-do\/"},"modified":"2023-05-17T21:22:45","modified_gmt":"2023-05-17T21:22:45","slug":"what-we-do","status":"publish","type":"page","link":"https:\/\/aemoda.com\/en\/what-we-do\/","title":{"rendered":"What we do"},"content":{"rendered":"<p>[et_pb_section fb_built=&#8221;1&#8243; admin_label=&#8221;Header&#8221; _builder_version=&#8221;4.16&#8243; background_color=&#8221;#f7f7f7&#8243; use_background_color_gradient=&#8221;on&#8221; background_color_gradient_direction=&#8221;90deg&#8221; background_color_gradient_stops=&#8221;#f7f7f7 66%|#ffffff 66%&#8221; background_color_gradient_start=&#8221;#f7f7f7&#8243; background_color_gradient_start_position=&#8221;66%&#8221; background_color_gradient_end=&#8221;#ffffff&#8221; background_color_gradient_end_position=&#8221;0%&#8221; custom_margin=&#8221;|||||&#8221; custom_padding=&#8221;||0px|||&#8221; background_last_edited=&#8221;on|tablet&#8221; use_background_color_gradient_tablet=&#8221;on&#8221; background_color_gradient_stops_tablet=&#8221;#f7f7f7 100%|#ffffff 100%&#8221; background_color_gradient_start_position_tablet=&#8221;100%&#8221; locked=&#8221;off&#8221; global_colors_info=&#8221;{}&#8221;][et_pb_row column_structure=&#8221;1_2,1_2&#8243; custom_padding_last_edited=&#8221;on|phone&#8221; padding_left_right_link_1=&#8221;false&#8221; _builder_version=&#8221;4.16&#8243; background_image=&#8221;https:\/\/aemoda.com\/wp-content\/uploads\/2023\/04\/green-energy-20.png&#8221; background_size=&#8221;initial&#8221; background_position=&#8221;top_left&#8221; custom_padding=&#8221;|||20px&#8221; custom_padding_tablet=&#8221;&#8221; custom_padding_phone=&#8221;|||0px&#8221; global_colors_info=&#8221;{}&#8221;][et_pb_column type=&#8221;1_2&#8243; _builder_version=&#8221;4.16&#8243; background_repeat=&#8221;repeat&#8221; custom_padding=&#8221;|20px||&#8221; custom_padding_tablet=&#8221;|0px||&#8221; custom_padding_phone=&#8221;|0px||&#8221; custom_padding_last_edited=&#8221;on|tablet&#8221; global_colors_info=&#8221;{}&#8221; custom_padding__hover=&#8221;|||&#8221;][et_pb_text _builder_version=&#8221;4.16&#8243; text_font=&#8221;||||||||&#8221; text_font_size=&#8221;20px&#8221; text_line_height=&#8221;1.8em&#8221; header_font=&#8221;Bitter||||||||&#8221; header_font_size=&#8221;60px&#8221; header_line_height=&#8221;1.3em&#8221; custom_margin=&#8221;||60px&#8221; text_font_size_tablet=&#8221;&#8221; text_font_size_phone=&#8221;14px&#8221; text_font_size_last_edited=&#8221;on|desktop&#8221; header_font_size_tablet=&#8221;50px&#8221; header_font_size_phone=&#8221;30px&#8221; header_font_size_last_edited=&#8221;on|phone&#8221; global_colors_info=&#8221;{}&#8221;]<\/p>\n<h1><span style=\"color: #4359e9;\">AEMODA <\/span><\/h1>\n<h1>A project in continuous movement <\/h1>\n<p>A project by Olive Mill Masters and Operators for Olive Mill Masters and Operators.<\/p>\n<p>[\/et_pb_text][et_pb_button button_url=&#8221;@ET-DC@eyJkeW5hbWljIjp0cnVlLCJjb250ZW50IjoicG9zdF9saW5rX3VybF9wYWdlIiwic2V0dGluZ3MiOnsicG9zdF9pZCI6IjQyMyJ9fQ==@&#8221; button_text=&#8221;Find out more about us&#8221; _builder_version=&#8221;4.21.0&#8243; _dynamic_attributes=&#8221;button_url&#8221; custom_button=&#8221;on&#8221; button_text_size=&#8221;14px&#8221; button_text_color=&#8221;#ffffff&#8221; button_bg_color=&#8221;#35d764&#8243; button_border_color=&#8221;rgba(0,0,0,0)&#8221; button_border_radius=&#8221;100px&#8221; button_letter_spacing=&#8221;2px&#8221; button_font=&#8221;Raleway|700||on|||||&#8221; button_icon=&#8221;&#x24;||divi||400&#8243; custom_padding=&#8221;15px|40px|15px|40px|true|true&#8221; global_colors_info=&#8221;{}&#8221;][\/et_pb_button][\/et_pb_column][et_pb_column type=&#8221;1_2&#8243; _builder_version=&#8221;4.16&#8243; custom_padding=&#8221;|||&#8221; global_colors_info=&#8221;{}&#8221; custom_padding__hover=&#8221;|||&#8221;][et_pb_image src=&#8221;https:\/\/aemoda.com\/wp-content\/uploads\/2023\/04\/green-energy-14.png&#8221; title_text=&#8221;rapa&#8221; _builder_version=&#8221;4.20.2&#8243; use_background_color_gradient=&#8221;on&#8221; background_color_gradient_stops=&#8221;rgba(16,40,65,0) 45%|#102841 100%&#8221; background_color_gradient_overlays_image=&#8221;on&#8221; background_color_gradient_start=&#8221;rgba(16,40,65,0)&#8221; background_color_gradient_start_position=&#8221;45%&#8221; background_color_gradient_end=&#8221;#102841&#8243; background_image=&#8221;https:\/\/aemoda.com\/wp-content\/uploads\/2023\/04\/rapa.jpg&#8221; custom_margin=&#8221;-100px|-12vw||&#8221; custom_margin_tablet=&#8221;0px|||&#8221; custom_margin_phone=&#8221;&#8221; custom_margin_last_edited=&#8221;on|tablet&#8221; custom_padding=&#8221;||100%|||&#8221; custom_padding_tablet=&#8221;||40%&#8221; custom_padding_phone=&#8221;||40%&#8221; custom_padding_last_edited=&#8221;on|tablet&#8221; global_colors_info=&#8221;{}&#8221;][\/et_pb_image][et_pb_image src=&#8221;https:\/\/aemoda.com\/wp-content\/uploads\/2023\/04\/simbolo-1.png&#8221; title_text=&#8221;simbolo&#8221; url=&#8221;#&#8221; _builder_version=&#8221;4.20.2&#8243; transform_scale_tablet=&#8221;&#8221; transform_scale_phone=&#8221;&#8221; transform_scale_last_edited=&#8221;on|desktop&#8221; transform_translate=&#8221;-50%|0px&#8221; transform_translate_tablet=&#8221;&#8221; transform_translate_phone=&#8221;&#8221; transform_translate_last_edited=&#8221;on|desktop&#8221; transform_translate_linked=&#8221;off&#8221; transform_rotate_tablet=&#8221;&#8221; transform_rotate_phone=&#8221;&#8221; transform_rotate_last_edited=&#8221;on|desktop&#8221; transform_skew_tablet=&#8221;&#8221; transform_skew_phone=&#8221;&#8221; transform_skew_last_edited=&#8221;on|desktop&#8221; transform_origin=&#8221;0%|50%&#8221; transform_origin_tablet=&#8221;&#8221; transform_origin_phone=&#8221;&#8221; transform_origin_last_edited=&#8221;on|desktop&#8221; transform_styles_last_edited=&#8221;on|desktop&#8221; width=&#8221;122px&#8221; height=&#8221;122px&#8221; custom_margin=&#8221;-120%||30%|||&#8221; custom_margin_tablet=&#8221;-80%||10%|50%&#8221; custom_margin_phone=&#8221;-80%||0%&#8221; custom_margin_last_edited=&#8221;on|phone&#8221; transform_styles_tablet=&#8221;&#8221; transform_styles_phone=&#8221;&#8221; border_radii=&#8221;on|122px|122px|122px|122px&#8221; box_shadow_style=&#8221;preset3&#8243; box_shadow_vertical=&#8221;24px&#8221; box_shadow_blur=&#8221;48px&#8221; box_shadow_spread=&#8221;-18px&#8221; box_shadow_color=&#8221;#35d764&#8243; global_colors_info=&#8221;{}&#8221; transform_styles__hover_enabled=&#8221;on&#8221; transform_scale__hover_enabled=&#8221;on&#8221; transform_translate__hover_enabled=&#8221;on&#8221; transform_rotate__hover_enabled=&#8221;on&#8221; transform_skew__hover_enabled=&#8221;on&#8221; transform_origin__hover_enabled=&#8221;on&#8221; transform_scale__hover=&#8221;110%|110%&#8221; transform_origin__hover=&#8221;0%|50%&#8221; transform_translate__hover=&#8221;-50%|0px&#8221;][\/et_pb_image][\/et_pb_column][\/et_pb_row][\/et_pb_section][et_pb_section fb_built=&#8221;1&#8243; admin_label=&#8221;Features&#8221; _builder_version=&#8221;4.16&#8243; background_image=&#8221;https:\/\/aemoda.com\/wp-content\/uploads\/2023\/04\/green-energy-34.png&#8221; background_size=&#8221;initial&#8221; background_position=&#8221;top_left&#8221; custom_padding=&#8221;0px|||||&#8221; locked=&#8221;off&#8221; global_colors_info=&#8221;{}&#8221;][et_pb_row column_structure=&#8221;1_3,1_3,1_3&#8243; _builder_version=&#8221;4.16&#8243; custom_margin=&#8221;|||&#8221; custom_padding=&#8221;0px|||||&#8221; locked=&#8221;off&#8221; global_colors_info=&#8221;{}&#8221;][et_pb_column type=&#8221;1_3&#8243; _builder_version=&#8221;4.16&#8243; custom_padding=&#8221;|||&#8221; global_colors_info=&#8221;{}&#8221; custom_padding__hover=&#8221;|||&#8221;][et_pb_blurb title=&#8221;Meetings&#8221; image=&#8221;https:\/\/aemoda.com\/wp-content\/uploads\/2023\/04\/green-energy-icon-17-2.png&#8221; _builder_version=&#8221;4.20.2&#8243; header_font=&#8221;Bitter||||||||&#8221; header_font_size=&#8221;30px&#8221; header_line_height=&#8221;1.6em&#8221; body_font=&#8221;||||||||&#8221; body_font_size=&#8221;16px&#8221; body_line_height=&#8221;1.8em&#8221; use_background_color_gradient=&#8221;on&#8221; background_color_gradient_stops=&#8221;rgba(67,89,233,0.85) 0%|#4359e9 84%&#8221; background_color_gradient_overlays_image=&#8221;on&#8221; background_color_gradient_start=&#8221;rgba(67,89,233,0.85)&#8221; background_color_gradient_end=&#8221;#4359e9&#8243; background_color_gradient_end_position=&#8221;84%&#8221; background_image=&#8221;https:\/\/aemoda.com\/wp-content\/uploads\/2023\/04\/almazara-es-scaled.jpg&#8221; text_orientation=&#8221;center&#8221; background_layout=&#8221;dark&#8221; custom_padding=&#8221;120px|40px|120px|40px|false|true&#8221; custom_padding_tablet=&#8221;60px||60px&#8221; custom_padding_phone=&#8221;30px||30px&#8221; custom_padding_last_edited=&#8221;on|phone&#8221; body_font_size_tablet=&#8221;&#8221; body_font_size_phone=&#8221;14px&#8221; body_font_size_last_edited=&#8221;on|desktop&#8221; global_colors_info=&#8221;{}&#8221; body_text_color__hover=&#8221;#ffffff&#8221; custom_padding__hover=&#8221;100px||140px&#8221; custom_padding__hover_enabled=&#8221;on&#8221;]<\/p>\n<p><span>A joint project that fights for the defence of the profession, enhancing its value and safeguarding the rights and interests of its members.<\/span><\/p>\n<p>[\/et_pb_blurb][\/et_pb_column][et_pb_column type=&#8221;1_3&#8243; _builder_version=&#8221;4.16&#8243; custom_padding=&#8221;|||&#8221; global_colors_info=&#8221;{}&#8221; custom_padding__hover=&#8221;|||&#8221;][et_pb_blurb title=&#8221;Events&#8221; image=&#8221;https:\/\/aemoda.com\/wp-content\/uploads\/2023\/04\/green-energy-icon-15-2.png&#8221; _builder_version=&#8221;4.20.2&#8243; header_font=&#8221;Bitter||||||||&#8221; header_font_size=&#8221;30px&#8221; header_line_height=&#8221;1.6em&#8221; body_font=&#8221;||||||||&#8221; body_font_size=&#8221;16px&#8221; body_line_height=&#8221;1.8em&#8221; use_background_color_gradient=&#8221;on&#8221; background_color_gradient_stops=&#8221;rgba(67,89,233,0.85) 0%|#4359e9 84%&#8221; background_color_gradient_overlays_image=&#8221;on&#8221; background_color_gradient_start=&#8221;rgba(67,89,233,0.85)&#8221; background_color_gradient_end=&#8221;#4359e9&#8243; background_color_gradient_end_position=&#8221;84%&#8221; background_image=&#8221;https:\/\/aemoda.com\/wp-content\/uploads\/2023\/04\/almazara.jpeg&#8221; text_orientation=&#8221;center&#8221; background_layout=&#8221;dark&#8221; custom_padding=&#8221;120px|40px|120px|40px|false|true&#8221; custom_padding_tablet=&#8221;60px||60px&#8221; custom_padding_phone=&#8221;30px||30px&#8221; custom_padding_last_edited=&#8221;on|phone&#8221; body_font_size_tablet=&#8221;&#8221; body_font_size_phone=&#8221;14px&#8221; body_font_size_last_edited=&#8221;on|desktop&#8221; locked=&#8221;off&#8221; global_colors_info=&#8221;{}&#8221; body_text_color__hover=&#8221;#ffffff&#8221; custom_padding__hover=&#8221;100px||140px&#8221; custom_padding__hover_enabled=&#8221;on&#8221;]<\/p>\n<p><span>We disseminate knowledge and news about everything that affects the profession of Oil Mill Master and Operator.<\/span><\/p>\n<p>[\/et_pb_blurb][\/et_pb_column][et_pb_column type=&#8221;1_3&#8243; _builder_version=&#8221;4.16&#8243; custom_padding=&#8221;|||&#8221; global_colors_info=&#8221;{}&#8221; custom_padding__hover=&#8221;|||&#8221;][et_pb_blurb title=&#8221;Training&#8221; image=&#8221;https:\/\/aemoda.com\/wp-content\/uploads\/2023\/04\/green-energy-icon-18-2.png&#8221; _builder_version=&#8221;4.20.2&#8243; header_font=&#8221;Bitter||||||||&#8221; header_font_size=&#8221;30px&#8221; header_line_height=&#8221;1.6em&#8221; body_font=&#8221;||||||||&#8221; body_font_size=&#8221;16px&#8221; body_line_height=&#8221;1.8em&#8221; use_background_color_gradient=&#8221;on&#8221; background_color_gradient_stops=&#8221;rgba(67,89,233,0.85) 0%|#4359e9 84%&#8221; background_color_gradient_overlays_image=&#8221;on&#8221; background_color_gradient_start=&#8221;rgba(67,89,233,0.85)&#8221; background_color_gradient_end=&#8221;#4359e9&#8243; background_color_gradient_end_position=&#8221;84%&#8221; background_image=&#8221;https:\/\/aemoda.com\/wp-content\/uploads\/2023\/04\/almazaras.jpeg&#8221; text_orientation=&#8221;center&#8221; background_layout=&#8221;dark&#8221; custom_padding=&#8221;120px|40px|120px|40px|false|true&#8221; custom_padding_tablet=&#8221;60px||60px&#8221; custom_padding_phone=&#8221;30px||30px&#8221; custom_padding_last_edited=&#8221;on|phone&#8221; body_font_size_tablet=&#8221;&#8221; body_font_size_phone=&#8221;14px&#8221; body_font_size_last_edited=&#8221;on|desktop&#8221; locked=&#8221;off&#8221; global_colors_info=&#8221;{}&#8221; body_text_color__hover=&#8221;#ffffff&#8221; custom_padding__hover=&#8221;100px||140px&#8221; custom_padding__hover_enabled=&#8221;on&#8221;]<\/p>\n<p><span>We promote the professional training of our associates with the firm objective of improving the performance of their profession.<\/span><\/p>\n<p>[\/et_pb_blurb][\/et_pb_column][\/et_pb_row][\/et_pb_section][et_pb_section fb_built=&#8221;1&#8243; admin_label=&#8221;Call To Action&#8221; _builder_version=&#8221;4.20.2&#8243; use_background_color_gradient=&#8221;on&#8221; background_color_gradient_stops=&#8221;rgba(16,40,65,0) 0%|#102841 84%&#8221; background_color_gradient_overlays_image=&#8221;on&#8221; background_color_gradient_start=&#8221;rgba(16,40,65,0)&#8221; background_color_gradient_end=&#8221;#102841&#8243; background_color_gradient_end_position=&#8221;84%&#8221; background_image=&#8221;https:\/\/aemoda.com\/wp-content\/uploads\/2023\/04\/olivo.jpg&#8221; custom_padding=&#8221;100px||0px|||&#8221; locked=&#8221;off&#8221; global_colors_info=&#8221;{}&#8221;][et_pb_row _builder_version=&#8221;4.16&#8243; background_color=&#8221;#ffffff&#8221; transform_translate_linked=&#8221;off&#8221; max_width=&#8221;700px&#8221; custom_margin=&#8221;||&#8221; custom_padding=&#8221;120px|4vw|120px|4vw|false|true&#8221; box_shadow_style=&#8221;preset1&#8243; box_shadow_vertical=&#8221;24px&#8221; box_shadow_blur=&#8221;100px&#8221; box_shadow_spread=&#8221;-30px&#8221; box_shadow_color=&#8221;rgba(0,0,0,0.24)&#8221; locked=&#8221;off&#8221; global_colors_info=&#8221;{}&#8221;][et_pb_column type=&#8221;4_4&#8243; _builder_version=&#8221;4.16&#8243; custom_padding=&#8221;|||&#8221; global_colors_info=&#8221;{}&#8221; custom_padding__hover=&#8221;|||&#8221;][et_pb_image src=&#8221;https:\/\/aemoda.com\/wp-content\/uploads\/2023\/04\/VECTOR-DE-ASOCIACION.png&#8221; title_text=&#8221;VECTOR DE ASOCIACION&#8221; align=&#8221;center&#8221; _builder_version=&#8221;4.20.2&#8243; global_colors_info=&#8221;{}&#8221;][\/et_pb_image][et_pb_text _builder_version=&#8221;4.16&#8243; text_font=&#8221;||||||||&#8221; text_font_size=&#8221;20px&#8221; text_line_height=&#8221;1.8em&#8221; header_font=&#8221;||||||||&#8221; header_2_font=&#8221;Bitter||||||||&#8221; header_2_font_size=&#8221;42px&#8221; header_2_line_height=&#8221;1.2em&#8221; text_orientation=&#8221;center&#8221; max_width=&#8221;440px&#8221; module_alignment=&#8221;center&#8221; text_font_size_tablet=&#8221;&#8221; text_font_size_phone=&#8221;14px&#8221; text_font_size_last_edited=&#8221;on|phone&#8221; header_2_font_size_tablet=&#8221;&#8221; header_2_font_size_phone=&#8221;32px&#8221; header_2_font_size_last_edited=&#8221;on|phone&#8221; global_colors_info=&#8221;{}&#8221;]<\/p>\n<h2>Would you like to join us?<\/h2>\n<p>[\/et_pb_text][et_pb_button button_url=&#8221;@ET-DC@eyJkeW5hbWljIjp0cnVlLCJjb250ZW50IjoicG9zdF9saW5rX3VybF9wYWdlIiwic2V0dGluZ3MiOnsicG9zdF9pZCI6IjY2NSJ9fQ==@&#8221; button_text=&#8221;Join us&#8221; button_alignment=&#8221;center&#8221; _builder_version=&#8221;4.20.4&#8243; _dynamic_attributes=&#8221;button_url&#8221; custom_button=&#8221;on&#8221; button_text_size=&#8221;14px&#8221; button_text_color=&#8221;#35d764&#8243; button_bg_color=&#8221;rgba(0,0,0,0)&#8221; button_border_radius=&#8221;100px&#8221; button_letter_spacing=&#8221;2px&#8221; button_font=&#8221;Raleway|700||on|||||&#8221; button_icon=&#8221;&#x24;||divi||400&#8243; custom_padding=&#8221;15px|40px|15px|40px|true|true&#8221; locked=&#8221;off&#8221; global_colors_info=&#8221;{}&#8221;][\/et_pb_button][\/et_pb_column][\/et_pb_row][\/et_pb_section]<\/p>\n","protected":false},"excerpt":{"rendered":"<p>AEMODA A project in continuous movement A project by Olive Mill Masters and Operators for Olive Mill Masters and Operators.A joint project that fights for the defence of the profession, enhancing its value and safeguarding the rights and interests of its members.We disseminate knowledge and news about everything that affects the profession of Oil Mill [&hellip;]<\/p>\n","protected":false},"author":1,"featured_media":0,"parent":0,"menu_order":0,"comment_status":"closed","ping_status":"closed","template":"","meta":{"_et_pb_use_builder":"on","_et_pb_old_content":"","_et_gb_content_width":"","ngg_post_thumbnail":0,"footnotes":""},"class_list":["post-1586","page","type-page","status-publish","hentry"],"yoast_head":"<!-- This site is optimized with the Yoast SEO plugin v23.1 - https:\/\/yoast.com\/wordpress\/plugins\/seo\/ -->\n<title>What we do - AEMODA<\/title>\n<meta name=\"description\" content=\"In this section you will find out what our mission is and what we dedicate our project to.\" \/>\n<meta name=\"robots\" content=\"index, follow, max-snippet:-1, max-image-preview:large, max-video-preview:-1\" \/>\n<link rel=\"canonical\" href=\"https:\/\/aemoda.com\/en\/what-we-do\/\" \/>\n<meta property=\"og:locale\" content=\"en_US\" \/>\n<meta property=\"og:type\" content=\"article\" \/>\n<meta property=\"og:title\" content=\"What we do - AEMODA\" \/>\n<meta property=\"og:description\" content=\"In this section you will find out what our mission is and what we dedicate our project to.\" \/>\n<meta property=\"og:url\" content=\"https:\/\/aemoda.com\/en\/what-we-do\/\" \/>\n<meta property=\"og:site_name\" content=\"AEMODA\" \/>\n<meta property=\"article:publisher\" content=\"https:\/\/www.facebook.com\/profile.php?id=100055135007306\" \/>\n<meta property=\"article:modified_time\" content=\"2023-05-17T21:22:45+00:00\" \/>\n<meta property=\"og:image\" content=\"https:\/\/aemoda.com\/wp-content\/uploads\/2023\/04\/cropped-emoticono.jpg\" \/>\n\t<meta property=\"og:image:width\" content=\"512\" \/>\n\t<meta property=\"og:image:height\" content=\"512\" \/>\n\t<meta property=\"og:image:type\" content=\"image\/jpeg\" \/>\n<meta name=\"twitter:card\" content=\"summary_large_image\" \/>\n<meta name=\"twitter:label1\" content=\"Est. reading time\" \/>\n\t<meta name=\"twitter:data1\" content=\"8 minutes\" \/>\n<script type=\"application\/ld+json\" class=\"yoast-schema-graph\">{\"@context\":\"https:\/\/schema.org\",\"@graph\":[{\"@type\":\"WebPage\",\"@id\":\"https:\/\/aemoda.com\/en\/what-we-do\/\",\"url\":\"https:\/\/aemoda.com\/en\/what-we-do\/\",\"name\":\"What we do - AEMODA\",\"isPartOf\":{\"@id\":\"https:\/\/aemoda.com\/en\/#website\"},\"datePublished\":\"2023-02-27T08:42:19+00:00\",\"dateModified\":\"2023-05-17T21:22:45+00:00\",\"description\":\"In this section you will find out what our mission is and what we dedicate our project to.\",\"breadcrumb\":{\"@id\":\"https:\/\/aemoda.com\/en\/what-we-do\/#breadcrumb\"},\"inLanguage\":\"en-US\",\"potentialAction\":[{\"@type\":\"ReadAction\",\"target\":[\"https:\/\/aemoda.com\/en\/what-we-do\/\"]}]},{\"@type\":\"BreadcrumbList\",\"@id\":\"https:\/\/aemoda.com\/en\/what-we-do\/#breadcrumb\",\"itemListElement\":[{\"@type\":\"ListItem\",\"position\":1,\"name\":\"Portada\",\"item\":\"https:\/\/aemoda.com\/en\/home\/\"},{\"@type\":\"ListItem\",\"position\":2,\"name\":\"What we do\"}]},{\"@type\":\"WebSite\",\"@id\":\"https:\/\/aemoda.com\/en\/#website\",\"url\":\"https:\/\/aemoda.com\/en\/\",\"name\":\"AEMODA\",\"description\":\"Asociaci\u00f3n Espa\u00f1ola de Maestros y Operarios de Almazara\",\"publisher\":{\"@id\":\"https:\/\/aemoda.com\/en\/#organization\"},\"alternateName\":\"Asociaci\u00f3n Espa\u00f1ola de Maestros y Operarios de Almazara\",\"potentialAction\":[{\"@type\":\"SearchAction\",\"target\":{\"@type\":\"EntryPoint\",\"urlTemplate\":\"https:\/\/aemoda.com\/en\/?s={search_term_string}\"},\"query-input\":\"required name=search_term_string\"}],\"inLanguage\":\"en-US\"},{\"@type\":\"Organization\",\"@id\":\"https:\/\/aemoda.com\/en\/#organization\",\"name\":\"AEMODA, Asociaci\u00f3n Espa\u00f1ola de Maestros y Operarios de Almazara\",\"alternateName\":\"Asociaci\u00f3n Espa\u00f1ola de Maestros y Operarios de Almazara\",\"url\":\"https:\/\/aemoda.com\/en\/\",\"logo\":{\"@type\":\"ImageObject\",\"inLanguage\":\"en-US\",\"@id\":\"https:\/\/aemoda.com\/en\/#\/schema\/logo\/image\/\",\"url\":\"https:\/\/aemoda.com\/wp-content\/uploads\/2023\/04\/logo_3-removebg-preview.png\",\"contentUrl\":\"https:\/\/aemoda.com\/wp-content\/uploads\/2023\/04\/logo_3-removebg-preview.png\",\"width\":816,\"height\":306,\"caption\":\"AEMODA, Asociaci\u00f3n Espa\u00f1ola de Maestros y Operarios de Almazara\"},\"image\":{\"@id\":\"https:\/\/aemoda.com\/en\/#\/schema\/logo\/image\/\"},\"sameAs\":[\"https:\/\/www.facebook.com\/profile.php?id=100055135007306\"]}]}<\/script>\n<!-- \/ Yoast SEO plugin. -->","yoast_head_json":{"title":"What we do - AEMODA","description":"In this section you will find out what our mission is and what we dedicate our project to.","robots":{"index":"index","follow":"follow","max-snippet":"max-snippet:-1","max-image-preview":"max-image-preview:large","max-video-preview":"max-video-preview:-1"},"canonical":"https:\/\/aemoda.com\/en\/what-we-do\/","og_locale":"en_US","og_type":"article","og_title":"What we do - AEMODA","og_description":"In this section you will find out what our mission is and what we dedicate our project to.","og_url":"https:\/\/aemoda.com\/en\/what-we-do\/","og_site_name":"AEMODA","article_publisher":"https:\/\/www.facebook.com\/profile.php?id=100055135007306","article_modified_time":"2023-05-17T21:22:45+00:00","og_image":[{"width":512,"height":512,"url":"https:\/\/aemoda.com\/wp-content\/uploads\/2023\/04\/cropped-emoticono.jpg","type":"image\/jpeg"}],"twitter_card":"summary_large_image","twitter_misc":{"Est. reading time":"8 minutes"},"schema":{"@context":"https:\/\/schema.org","@graph":[{"@type":"WebPage","@id":"https:\/\/aemoda.com\/en\/what-we-do\/","url":"https:\/\/aemoda.com\/en\/what-we-do\/","name":"What we do - AEMODA","isPartOf":{"@id":"https:\/\/aemoda.com\/en\/#website"},"datePublished":"2023-02-27T08:42:19+00:00","dateModified":"2023-05-17T21:22:45+00:00","description":"In this section you will find out what our mission is and what we dedicate our project to.","breadcrumb":{"@id":"https:\/\/aemoda.com\/en\/what-we-do\/#breadcrumb"},"inLanguage":"en-US","potentialAction":[{"@type":"ReadAction","target":["https:\/\/aemoda.com\/en\/what-we-do\/"]}]},{"@type":"BreadcrumbList","@id":"https:\/\/aemoda.com\/en\/what-we-do\/#breadcrumb","itemListElement":[{"@type":"ListItem","position":1,"name":"Portada","item":"https:\/\/aemoda.com\/en\/home\/"},{"@type":"ListItem","position":2,"name":"What we do"}]},{"@type":"WebSite","@id":"https:\/\/aemoda.com\/en\/#website","url":"https:\/\/aemoda.com\/en\/","name":"AEMODA","description":"Asociaci\u00f3n Espa\u00f1ola de Maestros y Operarios de Almazara","publisher":{"@id":"https:\/\/aemoda.com\/en\/#organization"},"alternateName":"Asociaci\u00f3n Espa\u00f1ola de Maestros y Operarios de Almazara","potentialAction":[{"@type":"SearchAction","target":{"@type":"EntryPoint","urlTemplate":"https:\/\/aemoda.com\/en\/?s={search_term_string}"},"query-input":"required name=search_term_string"}],"inLanguage":"en-US"},{"@type":"Organization","@id":"https:\/\/aemoda.com\/en\/#organization","name":"AEMODA, Asociaci\u00f3n Espa\u00f1ola de Maestros y Operarios de Almazara","alternateName":"Asociaci\u00f3n Espa\u00f1ola de Maestros y Operarios de Almazara","url":"https:\/\/aemoda.com\/en\/","logo":{"@type":"ImageObject","inLanguage":"en-US","@id":"https:\/\/aemoda.com\/en\/#\/schema\/logo\/image\/","url":"https:\/\/aemoda.com\/wp-content\/uploads\/2023\/04\/logo_3-removebg-preview.png","contentUrl":"https:\/\/aemoda.com\/wp-content\/uploads\/2023\/04\/logo_3-removebg-preview.png","width":816,"height":306,"caption":"AEMODA, Asociaci\u00f3n Espa\u00f1ola de Maestros y Operarios de Almazara"},"image":{"@id":"https:\/\/aemoda.com\/en\/#\/schema\/logo\/image\/"},"sameAs":["https:\/\/www.facebook.com\/profile.php?id=100055135007306"]}]}},"_links":{"self":[{"href":"https:\/\/aemoda.com\/en\/wp-json\/wp\/v2\/pages\/1586","targetHints":{"allow":["GET"]}}],"collection":[{"href":"https:\/\/aemoda.com\/en\/wp-json\/wp\/v2\/pages"}],"about":[{"href":"https:\/\/aemoda.com\/en\/wp-json\/wp\/v2\/types\/page"}],"author":[{"embeddable":true,"href":"https:\/\/aemoda.com\/en\/wp-json\/wp\/v2\/users\/1"}],"replies":[{"embeddable":true,"href":"https:\/\/aemoda.com\/en\/wp-json\/wp\/v2\/comments?post=1586"}],"version-history":[{"count":13,"href":"https:\/\/aemoda.com\/en\/wp-json\/wp\/v2\/pages\/1586\/revisions"}],"predecessor-version":[{"id":2631,"href":"https:\/\/aemoda.com\/en\/wp-json\/wp\/v2\/pages\/1586\/revisions\/2631"}],"wp:attachment":[{"href":"https:\/\/aemoda.com\/en\/wp-json\/wp\/v2\/media?parent=1586"}],"curies":[{"name":"wp","href":"https:\/\/api.w.org\/{rel}","templated":true}]}}