{"id":1814,"date":"2022-12-21T09:12:33","date_gmt":"2022-12-21T09:12:33","guid":{"rendered":"https:\/\/aemoda.com\/nueva\/privacy-policy\/"},"modified":"2024-09-22T18:46:12","modified_gmt":"2024-09-22T18:46:12","slug":"privacy-policy","status":"publish","type":"page","link":"https:\/\/aemoda.com\/en\/privacy-policy\/","title":{"rendered":"Privacy policy"},"content":{"rendered":"<div id=\"main-content\">\n<article id=\"post-1453\" class=\"post-1453 page type-page status-publish hentry\">\n<div class=\"entry-content\">\n<div class=\"et-l et-l--post\">\n<div class=\"et_builder_inner_content et_pb_gutters3\">\n<div class=\"et_pb_section et_pb_section_0 et_section_regular\">\n<div class=\"et_pb_row et_pb_row_0\">\n<div class=\"et_pb_column et_pb_column_4_4 et_pb_column_0 et_pb_css_mix_blend_mode_passthrough et-last-child\">\n<div class=\"et_pb_module et_pb_text et_pb_text_0 et_pb_text_align_left et_pb_bg_layout_light\">\n<div class=\"et_pb_text_inner\">\n<h1>Privacy policy<\/h1>\n<p> We provide you with this Privacy Policy in order to inform you in detail about how we treat your personal data and protect your privacy and the information you provide us with. The Privacy Policy is adapted to current Spanish and European legislation on the protection of personal data, specifically:  <\/p>\n<ul>\n<li>Regulation (EU) 2016\/679 of the European Parliament and of the Council of 27 April 2016 on the protection of individuals with regard to the processing of personal data and on the free movement of such data.(<strong>RGPD<\/strong>).<\/li>\n<li>Organic Law 3\/2018, of 5 December, on the Protection of Personal Data and the guarantee of digital rights (<strong>LOPDGDD<\/strong>).<\/li>\n<li>Law 34\/2002 of 11 July 2002 on Information Society and Electronic Commerce Services (<strong>LSSI-CE<\/strong>).<\/li>\n<\/ul>\n<h1>WHO IS RESPONSIBLE FOR THE PROCESSING OF YOUR PERSONAL DATA?<\/h1>\n<ul>\n<li><strong>Responsable: <\/strong> SPANISH ASSOCIATION OF TEACHERS AND OPERATORS OF ALMAZARAS (Hereafter \u201c<strong>AEMODA<\/strong>\u201d).<\/li>\n<li><strong>CIF: G23714793<\/strong><\/li>\n<li><strong>Address: <\/strong> Calle Corredera de San Fernando 32, CP 23400 \u00dabeda (Ja\u00e9n)<\/li>\n<li><strong>Phone: <\/strong>609 2849 82<\/li>\n<li><strong>FOR WHAT PURPOSES DO WE PROCESS YOUR DATA?E-mail: <\/strong><a href=\"mailto:aemodaes@gmail.com\">aemodaes@gmail.com<\/a><\/li>\n<\/ul>\n<h1>FOR WHAT PURPOSES DO WE PROCESS YOUR DATA?<\/h1>\n<ol>\n<li>To register as a member of AEMODA through the form &#8220;Become a member&#8221;.<\/li>\n<li>The attention of enquiries and requests made through the &#8220;contact&#8221; form located on the site<\/li>\n<li>Contact with the interested party to send them news of their interest through the &#8220;Telegram&#8221; App and by e-mail.<\/li>\n<li>Manage the registration as a collaborator of AEMODA through the form &#8220;Become a collaborator&#8221;. If the user acts on behalf of a company, we process their corporate contact details for the sole purpose of maintaining the contractual or collaborative relationships that AEMODA maintains with the company, entity or organisation for which they work or collaborate. <\/li>\n<\/ol>\n<h1>WHAT IS THE LEGITIMACY FOR THE PROCESSING OF YOUR DATA?<\/h1>\n<ul>\n<li>6.1(a) of the GDPR: The data subject consented to the processing of his or her personal data for one or more specified purposes.<\/li>\n<li>6.1.b) of the GDPR: Processing is necessary for the performance of a contract to which the data subject is party or for the implementation at the request of the data subject of pre-contractual measures.<\/li>\n<\/ul>\n<h1>HOW LONG WILL WE KEEP YOUR DATA?<\/h1>\n<p> Personal data will be kept for as long as the relationship with AEMODA is maintained and, after the termination of this relationship for any reason, during the applicable legal limitation periods. In this case, they will be processed for the sole purpose of accrediting compliance with our legal or contractual obligations. Once these limitation periods have expired, your data will be deleted.   <\/p>\n<h1>TO WHOM WILL WE DISCLOSE YOUR DATA?<\/h1>\n<p> AEMODA may communicate your data to the Public Administrations for the fulfilment of the obligations to which the Association is subject due to its activity, to the corresponding banking institutions for the collection of the fees derived from your membership, as well as those activities organised by the Association in which you may participate. They may also communicate with the provider of the instant messaging service: <a href=\"https:\/\/telegram.org\/privacy\/eu\">https:\/\/telegram.org\/privacy\/eu<\/a> . AEMODA does not carry out international data transfers.   <\/p>\n<h1>EXERCISE OF RIGHTS<\/h1>\n<p> In accordance with current legislation, you may exercise your rights of access, rectification, erasure, restriction of processing, data portability and opposition to processing. When the processing of your personal data is based on your consent, you may withdraw it at any time, without affecting the lawfulness of the processing based on the consent prior to its withdrawal. To exercise any of the aforementioned rights, you may send a request addressed to the postal address of AEMODA at Calle Corredera de San Fernando 32, CP 23400 \u00dabeda (Ja\u00e9n) or, via the following e-mail address   <a href=\"mailto:aemodaes@gmail.com\">aemodaes@gmail.com<\/a>. If you are dissatisfied or disagree with the way in which AEMODA treats your personal data and\/or with the response that AEMODA has given to the exercise of any of your rights, you can file a complaint with the Spanish Data Protection Agency (Agencia Espa\u00f1ola de Protecci\u00f3n de Datos). (<a href=\"http:\/\/www.aepd.es\/\"><a href=\"http:\/\/www.aepd.es\/\">www.aepd.es<\/a><\/a>)  <\/p>\n<h1>SECURITY MEASURES<\/h1>\n<p> AEMODA has implemented the necessary technical and organisational security measures to guarantee the security of your personal data and to avoid its alteration, loss or unauthorised processing and\/or access, taking into account the state of technology, the nature of the data stored and the risks to which it is exposed, whether from human action or from the physical or natural environment, in accordance with the provisions of the applicable regulations. <\/p>\n<h3>Out-of-court dispute resolution<\/h3>\n<p> If you as a consumer feel that your rights have been violated, you can send us your complaints via the above email address in order to request an out-of-court settlement of disputes. In this regard, if the service between you and us has been concluded online via our website, in accordance with Regulation No. 524\/2013 de la UE, relativo a la resoluci\u00f3n de conflictos, le informamos que usted tiene derecho a solicitar con nosotros una resoluci\u00f3n extrajudicial de controversias en materia de consumo accesible a trav\u00e9s de la direcci\u00f3n de Internet&nbsp;<a href=\"http:\/\/ec.europa.eu\/consumers\/odr\/\" target=\"_blank\" rel=\"noopener noreferrer\">http:\/\/ec.europa.eu\/consumers\/odr\/<\/a><\/p>\n<\/div>\n<\/div>\n<\/div>\n<\/div>\n<\/div>\n<\/div>\n<\/div>\n<\/div>\n<\/article>\n<\/div>\n","protected":false},"excerpt":{"rendered":"<p>Privacy policy We provide you with this Privacy Policy in order to inform you in detail about how we treat your personal data and protect your privacy and the information you provide us with. The Privacy Policy is adapted to current Spanish and European legislation on the protection of personal data, specifically: Regulation (EU) 2016\/679 [&hellip;]<\/p>\n","protected":false},"author":1,"featured_media":0,"parent":0,"menu_order":0,"comment_status":"closed","ping_status":"open","template":"","meta":{"_et_pb_use_builder":"","_et_pb_old_content":"","_et_gb_content_width":"","ngg_post_thumbnail":0,"footnotes":""},"class_list":["post-1814","page","type-page","status-publish","hentry"],"yoast_head":"<!-- This site is optimized with the Yoast SEO plugin v23.1 - https:\/\/yoast.com\/wordpress\/plugins\/seo\/ -->\n<title>Privacy policy - AEMODA<\/title>\n<meta name=\"robots\" content=\"index, follow, max-snippet:-1, max-image-preview:large, max-video-preview:-1\" \/>\n<link rel=\"canonical\" href=\"https:\/\/aemoda.com\/en\/privacy-policy\/\" \/>\n<meta property=\"og:locale\" content=\"en_US\" \/>\n<meta property=\"og:type\" content=\"article\" \/>\n<meta property=\"og:title\" content=\"Privacy policy - AEMODA\" \/>\n<meta property=\"og:description\" content=\"Privacy policy We provide you with this Privacy Policy in order to inform you in detail about how we treat your personal data and protect your privacy and the information you provide us with. The Privacy Policy is adapted to current Spanish and European legislation on the protection of personal data, specifically: Regulation (EU) 2016\/679 [&hellip;]\" \/>\n<meta property=\"og:url\" content=\"https:\/\/aemoda.com\/en\/privacy-policy\/\" \/>\n<meta property=\"og:site_name\" content=\"AEMODA\" \/>\n<meta property=\"article:publisher\" content=\"https:\/\/www.facebook.com\/profile.php?id=100055135007306\" \/>\n<meta property=\"article:modified_time\" content=\"2024-09-22T18:46:12+00:00\" \/>\n<meta property=\"og:image\" content=\"https:\/\/aemoda.com\/wp-content\/uploads\/2023\/04\/cropped-emoticono.jpg\" \/>\n\t<meta property=\"og:image:width\" content=\"512\" \/>\n\t<meta property=\"og:image:height\" content=\"512\" \/>\n\t<meta property=\"og:image:type\" content=\"image\/jpeg\" \/>\n<meta name=\"twitter:card\" content=\"summary_large_image\" \/>\n<meta name=\"twitter:label1\" content=\"Est. reading time\" \/>\n\t<meta name=\"twitter:data1\" content=\"4 minutes\" \/>\n<script type=\"application\/ld+json\" class=\"yoast-schema-graph\">{\"@context\":\"https:\/\/schema.org\",\"@graph\":[{\"@type\":\"WebPage\",\"@id\":\"https:\/\/aemoda.com\/en\/privacy-policy\/\",\"url\":\"https:\/\/aemoda.com\/en\/privacy-policy\/\",\"name\":\"Privacy policy - AEMODA\",\"isPartOf\":{\"@id\":\"https:\/\/aemoda.com\/en\/#website\"},\"datePublished\":\"2022-12-21T09:12:33+00:00\",\"dateModified\":\"2024-09-22T18:46:12+00:00\",\"breadcrumb\":{\"@id\":\"https:\/\/aemoda.com\/en\/privacy-policy\/#breadcrumb\"},\"inLanguage\":\"en-US\",\"potentialAction\":[{\"@type\":\"ReadAction\",\"target\":[\"https:\/\/aemoda.com\/en\/privacy-policy\/\"]}]},{\"@type\":\"BreadcrumbList\",\"@id\":\"https:\/\/aemoda.com\/en\/privacy-policy\/#breadcrumb\",\"itemListElement\":[{\"@type\":\"ListItem\",\"position\":1,\"name\":\"Portada\",\"item\":\"https:\/\/aemoda.com\/en\/home\/\"},{\"@type\":\"ListItem\",\"position\":2,\"name\":\"Privacy policy\"}]},{\"@type\":\"WebSite\",\"@id\":\"https:\/\/aemoda.com\/en\/#website\",\"url\":\"https:\/\/aemoda.com\/en\/\",\"name\":\"AEMODA\",\"description\":\"Asociaci\u00f3n Espa\u00f1ola de Maestros y Operarios de Almazara\",\"publisher\":{\"@id\":\"https:\/\/aemoda.com\/en\/#organization\"},\"alternateName\":\"Asociaci\u00f3n Espa\u00f1ola de Maestros y Operarios de Almazara\",\"potentialAction\":[{\"@type\":\"SearchAction\",\"target\":{\"@type\":\"EntryPoint\",\"urlTemplate\":\"https:\/\/aemoda.com\/en\/?s={search_term_string}\"},\"query-input\":\"required name=search_term_string\"}],\"inLanguage\":\"en-US\"},{\"@type\":\"Organization\",\"@id\":\"https:\/\/aemoda.com\/en\/#organization\",\"name\":\"AEMODA, Asociaci\u00f3n Espa\u00f1ola de Maestros y Operarios de Almazara\",\"alternateName\":\"Asociaci\u00f3n Espa\u00f1ola de Maestros y Operarios de Almazara\",\"url\":\"https:\/\/aemoda.com\/en\/\",\"logo\":{\"@type\":\"ImageObject\",\"inLanguage\":\"en-US\",\"@id\":\"https:\/\/aemoda.com\/en\/#\/schema\/logo\/image\/\",\"url\":\"https:\/\/aemoda.com\/wp-content\/uploads\/2023\/04\/logo_3-removebg-preview.png\",\"contentUrl\":\"https:\/\/aemoda.com\/wp-content\/uploads\/2023\/04\/logo_3-removebg-preview.png\",\"width\":816,\"height\":306,\"caption\":\"AEMODA, Asociaci\u00f3n Espa\u00f1ola de Maestros y Operarios de Almazara\"},\"image\":{\"@id\":\"https:\/\/aemoda.com\/en\/#\/schema\/logo\/image\/\"},\"sameAs\":[\"https:\/\/www.facebook.com\/profile.php?id=100055135007306\"]}]}<\/script>\n<!-- \/ Yoast SEO plugin. -->","yoast_head_json":{"title":"Privacy policy - AEMODA","robots":{"index":"index","follow":"follow","max-snippet":"max-snippet:-1","max-image-preview":"max-image-preview:large","max-video-preview":"max-video-preview:-1"},"canonical":"https:\/\/aemoda.com\/en\/privacy-policy\/","og_locale":"en_US","og_type":"article","og_title":"Privacy policy - AEMODA","og_description":"Privacy policy We provide you with this Privacy Policy in order to inform you in detail about how we treat your personal data and protect your privacy and the information you provide us with. The Privacy Policy is adapted to current Spanish and European legislation on the protection of personal data, specifically: Regulation (EU) 2016\/679 [&hellip;]","og_url":"https:\/\/aemoda.com\/en\/privacy-policy\/","og_site_name":"AEMODA","article_publisher":"https:\/\/www.facebook.com\/profile.php?id=100055135007306","article_modified_time":"2024-09-22T18:46:12+00:00","og_image":[{"width":512,"height":512,"url":"https:\/\/aemoda.com\/wp-content\/uploads\/2023\/04\/cropped-emoticono.jpg","type":"image\/jpeg"}],"twitter_card":"summary_large_image","twitter_misc":{"Est. reading time":"4 minutes"},"schema":{"@context":"https:\/\/schema.org","@graph":[{"@type":"WebPage","@id":"https:\/\/aemoda.com\/en\/privacy-policy\/","url":"https:\/\/aemoda.com\/en\/privacy-policy\/","name":"Privacy policy - AEMODA","isPartOf":{"@id":"https:\/\/aemoda.com\/en\/#website"},"datePublished":"2022-12-21T09:12:33+00:00","dateModified":"2024-09-22T18:46:12+00:00","breadcrumb":{"@id":"https:\/\/aemoda.com\/en\/privacy-policy\/#breadcrumb"},"inLanguage":"en-US","potentialAction":[{"@type":"ReadAction","target":["https:\/\/aemoda.com\/en\/privacy-policy\/"]}]},{"@type":"BreadcrumbList","@id":"https:\/\/aemoda.com\/en\/privacy-policy\/#breadcrumb","itemListElement":[{"@type":"ListItem","position":1,"name":"Portada","item":"https:\/\/aemoda.com\/en\/home\/"},{"@type":"ListItem","position":2,"name":"Privacy policy"}]},{"@type":"WebSite","@id":"https:\/\/aemoda.com\/en\/#website","url":"https:\/\/aemoda.com\/en\/","name":"AEMODA","description":"Asociaci\u00f3n Espa\u00f1ola de Maestros y Operarios de Almazara","publisher":{"@id":"https:\/\/aemoda.com\/en\/#organization"},"alternateName":"Asociaci\u00f3n Espa\u00f1ola de Maestros y Operarios de Almazara","potentialAction":[{"@type":"SearchAction","target":{"@type":"EntryPoint","urlTemplate":"https:\/\/aemoda.com\/en\/?s={search_term_string}"},"query-input":"required name=search_term_string"}],"inLanguage":"en-US"},{"@type":"Organization","@id":"https:\/\/aemoda.com\/en\/#organization","name":"AEMODA, Asociaci\u00f3n Espa\u00f1ola de Maestros y Operarios de Almazara","alternateName":"Asociaci\u00f3n Espa\u00f1ola de Maestros y Operarios de Almazara","url":"https:\/\/aemoda.com\/en\/","logo":{"@type":"ImageObject","inLanguage":"en-US","@id":"https:\/\/aemoda.com\/en\/#\/schema\/logo\/image\/","url":"https:\/\/aemoda.com\/wp-content\/uploads\/2023\/04\/logo_3-removebg-preview.png","contentUrl":"https:\/\/aemoda.com\/wp-content\/uploads\/2023\/04\/logo_3-removebg-preview.png","width":816,"height":306,"caption":"AEMODA, Asociaci\u00f3n Espa\u00f1ola de Maestros y Operarios de Almazara"},"image":{"@id":"https:\/\/aemoda.com\/en\/#\/schema\/logo\/image\/"},"sameAs":["https:\/\/www.facebook.com\/profile.php?id=100055135007306"]}]}},"_links":{"self":[{"href":"https:\/\/aemoda.com\/en\/wp-json\/wp\/v2\/pages\/1814","targetHints":{"allow":["GET"]}}],"collection":[{"href":"https:\/\/aemoda.com\/en\/wp-json\/wp\/v2\/pages"}],"about":[{"href":"https:\/\/aemoda.com\/en\/wp-json\/wp\/v2\/types\/page"}],"author":[{"embeddable":true,"href":"https:\/\/aemoda.com\/en\/wp-json\/wp\/v2\/users\/1"}],"replies":[{"embeddable":true,"href":"https:\/\/aemoda.com\/en\/wp-json\/wp\/v2\/comments?post=1814"}],"version-history":[{"count":1,"href":"https:\/\/aemoda.com\/en\/wp-json\/wp\/v2\/pages\/1814\/revisions"}],"predecessor-version":[{"id":3501,"href":"https:\/\/aemoda.com\/en\/wp-json\/wp\/v2\/pages\/1814\/revisions\/3501"}],"wp:attachment":[{"href":"https:\/\/aemoda.com\/en\/wp-json\/wp\/v2\/media?parent=1814"}],"curies":[{"name":"wp","href":"https:\/\/api.w.org\/{rel}","templated":true}]}}