{"id":3564,"date":"2025-03-15T19:29:56","date_gmt":"2025-03-15T19:29:56","guid":{"rendered":"https:\/\/aemoda.com\/ansotec\/"},"modified":"2025-03-15T19:56:03","modified_gmt":"2025-03-15T19:56:03","slug":"ansotec","status":"publish","type":"page","link":"https:\/\/aemoda.com\/en\/ansotec\/","title":{"rendered":"ANSOTEC"},"content":{"rendered":"<p>[et_pb_section fb_built=&#8221;1&#8243; use_custom_gutter=&#8221;on&#8221; gutter_width=&#8221;4&#8243; specialty=&#8221;on&#8221; padding_top_1=&#8221;80px&#8221; padding_1_tablet=&#8221;0px|||&#8221; padding_1_phone=&#8221;&#8221; padding_1_last_edited=&#8221;on|tablet&#8221; admin_label=&#8221;Hero&#8221; _builder_version=&#8221;4.20.4&#8243; background_color=&#8221;#003bde&#8221; use_background_color_gradient=&#8221;on&#8221; background_color_gradient_direction=&#8221;160deg&#8221; background_color_gradient_stops=&#8221;#003bde 0%|#58d0ff 100%&#8221; background_color_gradient_start=&#8221;#003bde&#8221; background_color_gradient_end=&#8221;#58d0ff&#8221; custom_margin=&#8221;||0px|&#8221; custom_padding=&#8221;54px|0px|10%|0px|false|false&#8221; bottom_divider_style=&#8221;asymmetric&#8221; bottom_divider_color=&#8221;#ffffff&#8221; bottom_divider_height_tablet=&#8221;&#8221; bottom_divider_height_phone=&#8221;&#8221; bottom_divider_height_last_edited=&#8221;on|phone&#8221; global_colors_info=&#8221;{}&#8221;][et_pb_column type=&#8221;1_2&#8243; _builder_version=&#8221;4.16&#8243; custom_padding=&#8221;|||&#8221; global_colors_info=&#8221;{}&#8221; padding_tablet=&#8221;0px|||&#8221; padding_last_edited=&#8221;on|tablet&#8221; custom_padding__hover=&#8221;|||&#8221; padding_phone=&#8221;0px|||&#8221;][et_pb_text _builder_version=&#8221;4.27.0&#8243; text_font=&#8221;||||||||&#8221; text_font_size=&#8221;20px&#8221; text_line_height=&#8221;1.8em&#8221; header_font=&#8221;Bitter||||||||&#8221; header_font_size=&#8221;60px&#8221; header_line_height=&#8221;1.3em&#8221; width=&#8221;100%&#8221; custom_margin=&#8221;|19px|60px|||&#8221; custom_padding=&#8221;0px|||||&#8221; text_font_size_tablet=&#8221;&#8221; text_font_size_phone=&#8221;14px&#8221; text_font_size_last_edited=&#8221;on|desktop&#8221; header_font_size_tablet=&#8221;50px&#8221; header_font_size_phone=&#8221;30px&#8221; header_font_size_last_edited=&#8221;on|phone&#8221; global_colors_info=&#8221;{}&#8221;]<\/p>\n<h1><span style=\"color: #ffffff;\"><span>ANSOTEC<\/span> <\/span><\/h1>\n<p><span style=\"color: #ffffff;\"><b>ANSOTEC Technological Solutions <\/b>is a Spanish company founded in 2007 with almost a hundred people and based in Hu\u00e9tor-T\u00e1jar (Granada) dedicated to the Digital Transformation for Industry 4.0, we are an engineering company with a high expertise in Process Control Systems offering turnkey projects of this type, we are an official partner among others of Siemens, Rockwell Automation, Microsoft and Wonderware, and other manufacturers such as Dell, Vmware, etc. &#8230;. For years we have been working on the concept of Industry 4.0, looking for plants to work fully integrated from ERP Systems to Sensors \/ Instruments &#8230; implemented therefore the MES \/ MOM Systems (Production Management) and Process Control System (DCS) in the Food Industry, Chemical, Cosmetic-Pharmaceutical and Minerals. and we developed a pioneering solution for the Olive Sector called <b>Almazara Conectada 4.0 <\/b>\u00ae (ANSOTEC registered trademark) <b>that once consolidated we are already taking to other sectors such as Almond, Pistachio and other agro-industries.<\/b>  <\/span><\/p>\n<p style=\"font-weight: 400;\"><span style=\"color: #ffffff;\">In the olive sector, we have references from clients such as: Grupo De Prado (all its plants in Portugal), IFFCO Iberia (Granada), Conde de Benalua (San Sebastian SCA, Granaa), Covidesa (Cordoba), DCOOP (Antequera), Aceites Estrella del Guadalquivir, Aceites Oliva del Sur, Oleopalma SAT, Templeoliva SCA, and other new industries in which we have already initiated transformation plans pending implementation.<\/span><\/p>\n<p style=\"font-weight: 400;\"><span style=\"color: #ffffff;\">We also work for important brands in the food sector such as Galletas Gull\u00f3n, Nutriben, Nestl\u00e9, Pascual, Coca-Cola, Lactalis, Puleva, &#8230; and for leading brands in other sectors we are mineral or chemical suppliers for Owens Illinois, Cosentino, KIMITEC, Herogra, Sipcam iberia, and other important clients.<\/span><\/p>\n<p>[\/et_pb_text][\/et_pb_column][et_pb_column type=&#8221;1_2&#8243; specialty_columns=&#8221;2&#8243; _builder_version=&#8221;4.16&#8243; custom_padding=&#8221;|||&#8221; global_colors_info=&#8221;{}&#8221; custom_padding__hover=&#8221;|||&#8221;][et_pb_row_inner _builder_version=&#8221;4.16&#8243; background_color=&#8221;#ffffff&#8221; custom_margin=&#8221;71px|||||&#8221; custom_padding=&#8221;97px|40px|97px|40px|true|true&#8221; animation_style=&#8221;zoom&#8221; animation_intensity_zoom=&#8221;-5%&#8221; animation_speed_curve=&#8221;ease-in&#8221; border_radii=&#8221;on|10px|10px|10px|10px&#8221; box_shadow_style=&#8221;preset3&#8243; box_shadow_vertical=&#8221;10px&#8221; box_shadow_blur=&#8221;80px&#8221; box_shadow_spread=&#8221;-10px&#8221; box_shadow_color=&#8221;rgba(44,54,92,0.2)&#8221; global_colors_info=&#8221;{}&#8221;][et_pb_column_inner saved_specialty_column_type=&#8221;1_2&#8243; _builder_version=&#8221;4.16&#8243; custom_padding=&#8221;|||&#8221; global_colors_info=&#8221;{}&#8221; custom_padding__hover=&#8221;|||&#8221;][et_pb_image src=&#8221;https:\/\/aemoda.com\/wp-content\/uploads\/2025\/03\/LOGO_Ansotec_Colores_LogoClaim-V.png&#8221; title_text=&#8221;LOGO_Ansotec_Colores_Logo+Claim V&#8221; align=&#8221;center&#8221; _builder_version=&#8221;4.27.0&#8243; _module_preset=&#8221;default&#8221; global_colors_info=&#8221;{}&#8221;][\/et_pb_image][et_pb_blurb title=&#8221;web&#8221; use_icon=&#8221;on&#8221; font_icon=&#8221;&#xe07e;||divi||400&#8243; icon_color=&#8221;#ffffff&#8221; image_icon_background_color=&#8221;#003bde&#8221; icon_placement=&#8221;left&#8221; image_icon_width=&#8221;16px&#8221; content_max_width=&#8221;1100px&#8221; _builder_version=&#8221;4.20.4&#8243; header_font=&#8221;|||on|||||&#8221; header_font_size=&#8221;14px&#8221; header_letter_spacing=&#8221;1px&#8221; header_line_height=&#8221;1.2em&#8221; body_font=&#8221;Montserrat|300|||||||&#8221; background_color=&#8221;#ffffff&#8221; image_icon_custom_padding=&#8221;8px|8px|8px|8px|false|false&#8221; text_orientation=&#8221;center&#8221; custom_margin=&#8221;||0px|&#8221; custom_padding=&#8221;30px|30px|30px|30px|true|true&#8221; animation=&#8221;off&#8221; border_radii=&#8221;|10px|10px||&#8221; border_radii_image=&#8221;on|100%|100%|100%|100%&#8221; use_circle=&#8221;on&#8221; circle_color=&#8221;#003bde&#8221; locked=&#8221;off&#8221; global_colors_info=&#8221;{}&#8221; image_icon_background_color__sticky_enabled=&#8221;#7EBEC5&#8243; image_icon_background_color__sticky=&#8221;#7EBEC5&#8243;]<\/p>\n<p><a href=\"https:\/\/urldefense.com\/v3\/__https:\/ansotec.com\/__;!!I0oTUoRD!8YO8qSiEnWrm7g9NtkZ-gW0f3jG0Bn6RfKXdx8JUogVL6F4-cI2juddZhZhdaAkMD1S8vK8laHAZMtjD5LaWe_0%24\" target=\"_blank\" data-saferedirecturl=\"https:\/\/www.google.com\/url?q=https:\/\/urldefense.com\/v3\/__https:\/ansotec.com\/__;!!I0oTUoRD!8YO8qSiEnWrm7g9NtkZ-gW0f3jG0Bn6RfKXdx8JUogVL6F4-cI2juddZhZhdaAkMD1S8vK8laHAZMtjD5LaWe_0$&amp;source=gmail&amp;ust=1742152007457000&amp;usg=AOvVaw0cEQlqZP8e669_ilsYdkya\" rel=\"noopener\"><span>https:\/\/ansotec.com\/<\/span><\/a><\/p>\n<p>&nbsp;<\/p>\n<p style=\"font-weight: 400;\"><a href=\"https:\/\/urldefense.com\/v3\/__https:\/almazaraconectada40.com\/__;!!I0oTUoRD!8YO8qSiEnWrm7g9NtkZ-gW0f3jG0Bn6RfKXdx8JUogVL6F4-cI2juddZhZhdaAkMD1S8vK8laHAZMtjDch0ljgI%24\" data-saferedirecturl=\"https:\/\/www.google.com\/url?q=https:\/\/urldefense.com\/v3\/__https:\/almazaraconectada40.com\/__;!!I0oTUoRD!8YO8qSiEnWrm7g9NtkZ-gW0f3jG0Bn6RfKXdx8JUogVL6F4-cI2juddZhZhdaAkMD1S8vK8laHAZMtjDch0ljgI$&amp;source=gmail&amp;ust=1742152007457000&amp;usg=AOvVaw2wEp6dt8gkdt--HpDmaejt\"><span>https:\/\/almazaraconectada40.com\/<\/span><\/a><\/p>\n<p style=\"font-weight: 400;\"><a href=\"https:\/\/urldefense.com\/v3\/__https:\/www.youtube.com\/@ansotechightechnologygreat571__;!!I0oTUoRD!8YO8qSiEnWrm7g9NtkZ-gW0f3jG0Bn6RfKXdx8JUogVL6F4-cI2juddZhZhdaAkMD1S8vK8laHAZMtjDuuIiG5Q%24\" target=\"_blank\" data-saferedirecturl=\"https:\/\/www.google.com\/url?q=https:\/\/urldefense.com\/v3\/__https:\/www.youtube.com\/@ansotechightechnologygreat571__;!!I0oTUoRD!8YO8qSiEnWrm7g9NtkZ-gW0f3jG0Bn6RfKXdx8JUogVL6F4-cI2juddZhZhdaAkMD1S8vK8laHAZMtjDuuIiG5Q$&amp;source=gmail&amp;ust=1742152007457000&amp;usg=AOvVaw2_M3h2tCQlX-9oWOXe1WKz\" rel=\"noopener\"><span><span lang=\"PT\">https:\/\/www.youtube.com\/@<wbr><\/wbr>ansotechightechnologygreat571<\/span><\/span><\/a><\/p>\n<p style=\"font-weight: 400;\">\n<p>[\/et_pb_blurb][et_pb_blurb title=&#8221;Email&#8221; use_icon=&#8221;on&#8221; font_icon=&#8221;&#xe076;||divi||400&#8243; icon_color=&#8221;#ffffff&#8221; image_icon_background_color=&#8221;#003bde&#8221; icon_placement=&#8221;left&#8221; image_icon_width=&#8221;16px&#8221; content_max_width=&#8221;1100px&#8221; _builder_version=&#8221;4.16&#8243; header_font=&#8221;|||on|||||&#8221; header_font_size=&#8221;14px&#8221; header_letter_spacing=&#8221;1px&#8221; header_line_height=&#8221;1.2em&#8221; body_font=&#8221;Montserrat|300|||||||&#8221; background_color=&#8221;#ffffff&#8221; image_icon_custom_padding=&#8221;8px|8px|8px|8px|false|false&#8221; text_orientation=&#8221;center&#8221; custom_margin=&#8221;||0px|&#8221; custom_padding=&#8221;30px|30px|30px|30px|true|true&#8221; animation=&#8221;off&#8221; border_radii=&#8221;|10px|10px||&#8221; border_radii_image=&#8221;on|100%|100%|100%|100%&#8221; use_circle=&#8221;on&#8221; circle_color=&#8221;#003bde&#8221; locked=&#8221;off&#8221; global_colors_info=&#8221;{}&#8221; image_icon_background_color__sticky_enabled=&#8221;#7EBEC5&#8243; image_icon_background_color__sticky=&#8221;#7EBEC5&#8243;]<\/p>\n<p><a href=\"mailto:info@ansotec.com\" target=\"_blank\" rel=\"noopener\"><span>info@ansotec.com<\/span><\/a><\/p>\n<p>[\/et_pb_blurb][et_pb_blurb title=&#8221;PHONE&#8221; use_icon=&#8221;on&#8221; font_icon=&#8221;&#xe090;||divi||400&#8243; icon_color=&#8221;#ffffff&#8221; image_icon_background_color=&#8221;#003bde&#8221; icon_placement=&#8221;left&#8221; image_icon_width=&#8221;16px&#8221; content_max_width=&#8221;1100px&#8221; _builder_version=&#8221;4.16&#8243; header_font=&#8221;|||on|||||&#8221; header_font_size=&#8221;14px&#8221; header_letter_spacing=&#8221;1px&#8221; header_line_height=&#8221;1.2em&#8221; body_font=&#8221;Montserrat|300|||||||&#8221; background_color=&#8221;#ffffff&#8221; image_icon_custom_padding=&#8221;8px|8px|8px|8px|false|false&#8221; text_orientation=&#8221;center&#8221; custom_margin=&#8221;||0px|&#8221; custom_padding=&#8221;30px|30px|30px|30px|true|true&#8221; animation=&#8221;off&#8221; border_radii_image=&#8221;on|100%|100%|100%|100%&#8221; use_circle=&#8221;on&#8221; circle_color=&#8221;#003bde&#8221; locked=&#8221;off&#8221; global_colors_info=&#8221;{}&#8221; image_icon_background_color__sticky_enabled=&#8221;#7EBEC5&#8243; image_icon_background_color__sticky=&#8221;#7EBEC5&#8243;]<\/p>\n<p style=\"font-weight: 400;\"><span>958335130<\/span><\/p>\n<p style=\"font-weight: 400;\"><span>958333151<\/span><\/p>\n<p>[\/et_pb_blurb][et_pb_blurb title=&#8221;ADDRESS&#8221; use_icon=&#8221;on&#8221; font_icon=&#8221;&#xe081;||divi||400&#8243; icon_color=&#8221;#ffffff&#8221; image_icon_background_color=&#8221;#003bde&#8221; icon_placement=&#8221;left&#8221; image_icon_width=&#8221;16px&#8221; content_max_width=&#8221;1100px&#8221; _builder_version=&#8221;4.16&#8243; header_font=&#8221;|||on|||||&#8221; header_font_size=&#8221;14px&#8221; header_letter_spacing=&#8221;1px&#8221; header_line_height=&#8221;1.2em&#8221; body_font=&#8221;Montserrat|300|||||||&#8221; background_color=&#8221;#ffffff&#8221; image_icon_custom_padding=&#8221;8px|8px|8px|8px|false|false&#8221; text_orientation=&#8221;center&#8221; custom_margin=&#8221;||0px|&#8221; custom_padding=&#8221;30px|30px|30px|30px|true|true&#8221; animation=&#8221;off&#8221; border_radii=&#8221;|||10px|10px&#8221; border_radii_image=&#8221;on|100%|100%|100%|100%&#8221; use_circle=&#8221;on&#8221; circle_color=&#8221;#003bde&#8221; locked=&#8221;off&#8221; global_colors_info=&#8221;{}&#8221; image_icon_background_color__sticky_enabled=&#8221;#7EBEC5&#8243; image_icon_background_color__sticky=&#8221;#7EBEC5&#8243;]<\/p>\n<p style=\"font-weight: 400;\"><span><strong>Headquarters\/Offices.<\/strong><\/span><\/p>\n<p style=\"font-weight: 400;\"><span>C\/Eras Bajas, 58,<\/span><\/p>\n<p style=\"font-weight: 400;\"><span>18360 Hu\u00e9tor-T\u00e1jar &#8211; Granada<\/span><\/p>\n<p style=\"font-weight: 400;\"><a href=\"https:\/\/maps.app.goo.gl\/9gdnBjJrjRSeWNgTA\" data-saferedirecturl=\"https:\/\/www.google.com\/url?q=https:\/\/maps.app.goo.gl\/9gdnBjJrjRSeWNgTA&amp;source=gmail&amp;ust=1742152007457000&amp;usg=AOvVaw3YRUq4ATuA-GmZwNQB9dy3\"><span>https:\/\/maps.app.goo.gl\/9gdnBjJrjRSeWNgTA<\/span><\/a><\/p>\n<p style=\"font-weight: 400;\"><span> <\/span><\/p>\n<p style=\"font-weight: 400;\"><span><strong>Electrical Workshop<\/strong><\/span><\/p>\n<p style=\"font-weight: 400;\"><span>Poligono Industrial \u201cLa Catalana\u201d<\/span><\/p>\n<p style=\"font-weight: 400;\"><span>C\/ B\u00e9lgica, 5<\/span><\/p>\n<p style=\"font-weight: 400;\"><span>18360 Hu\u00e9tor-T\u00e1jar \u2013 Granada<\/span><\/p>\n<p style=\"font-weight: 400;\"><a href=\"https:\/\/maps.app.goo.gl\/T4eGPGEf3YJyMxT8A\" data-saferedirecturl=\"https:\/\/www.google.com\/url?q=https:\/\/maps.app.goo.gl\/T4eGPGEf3YJyMxT8A&amp;source=gmail&amp;ust=1742152007457000&amp;usg=AOvVaw1CtmxpqLwrsPGySoTq0oqM\"><span>https:\/\/maps.app.goo.gl\/T4eGPGEf3YJyMxT8A<\/span><\/a><\/p>\n<p>[\/et_pb_blurb][\/et_pb_column_inner][\/et_pb_row_inner][\/et_pb_column][\/et_pb_section][et_pb_section fb_built=&#8221;1&#8243; admin_label=&#8221;Map&#8221; _builder_version=&#8221;4.16&#8243; background_color=&#8221;rgba(0,0,0,0)&#8221; custom_padding=&#8221;0|0px||0px|false|false&#8221; global_colors_info=&#8221;{}&#8221;][et_pb_row _builder_version=&#8221;4.16&#8243; custom_margin=&#8221;-6%|||&#8221; custom_padding=&#8221;0|0px||0px|false|false&#8221; global_colors_info=&#8221;{}&#8221;][et_pb_column type=&#8221;4_4&#8243; _builder_version=&#8221;4.16&#8243; custom_padding=&#8221;|||&#8221; global_colors_info=&#8221;{}&#8221; custom_padding__hover=&#8221;|||&#8221;][et_pb_code _builder_version=&#8221;4.27.0&#8243; _module_preset=&#8221;default&#8221; global_colors_info=&#8221;{}&#8221;]<iframe src=\"https:\/\/www.google.com\/maps\/embed?pb=!1m14!1m8!1m3!1d6356.369629436028!2d-4.0557413!3d37.1958395!3m2!1i1024!2i768!4f13.1!3m3!1m2!1s0xd720ac2d2fc5465%3A0x26b76981942a64dd!2sAnsotec%20Soluciones%20Tecnol%C3%B3gicas%20S.L.!5e0!3m2!1ses!2ses!4v1742066742883!5m2!1ses!2ses\" width=\"100%\" height=\"450\" style=\"border:0;\" allowfullscreen=\"\" loading=\"lazy\" referrerpolicy=\"no-referrer-when-downgrade\"><\/iframe>[\/et_pb_code][et_pb_divider color=&#8221;#006ef4&#8243; divider_weight=&#8221;3px&#8221; _builder_version=&#8221;4.16&#8243; max_width=&#8221;100px&#8221; custom_margin=&#8221;||0px|&#8221; locked=&#8221;off&#8221; global_colors_info=&#8221;{}&#8221;][\/et_pb_divider][\/et_pb_column][\/et_pb_row][et_pb_row _builder_version=&#8221;4.20.4&#8243; _module_preset=&#8221;default&#8221; global_colors_info=&#8221;{}&#8221;][et_pb_column type=&#8221;4_4&#8243; _builder_version=&#8221;4.20.4&#8243; _module_preset=&#8221;default&#8221; global_colors_info=&#8221;{}&#8221;][et_pb_heading title=&#8221;Success stories&#8221; _builder_version=&#8221;4.27.0&#8243; _module_preset=&#8221;default&#8221; title_text_align=&#8221;center&#8221; custom_padding=&#8221;||0px|||&#8221; global_colors_info=&#8221;{}&#8221;][\/et_pb_heading][et_pb_text _builder_version=&#8221;4.27.0&#8243; _module_preset=&#8221;default&#8221; global_colors_info=&#8221;{}&#8221;]<\/p>\n<p style=\"font-weight: 400; text-align: center;\"><span><strong>Digital Transformation Success Story Grupo de Prado (Portugal) &#8211; (Projects 2020 -2022) &#8211; Olive Oil, Table Olive and Almond Plants. -&gt; Phased implementation of the Automation and Digitalisation of the Processes of an Existing Olive Oil Mill (Brownfield) and a Greenfield, as well as several Almond Plants (Greenfield).<\/strong><\/span><\/p>\n<p style=\"font-weight: 400; text-align: center;\">\n<p>[\/et_pb_text][et_pb_video src=&#8221;https:\/\/youtu.be\/SgEZLJouErk?si=A9LOymc8TfC7baVk&#8221; _builder_version=&#8221;4.27.0&#8243; _module_preset=&#8221;default&#8221; hover_enabled=&#8221;0&#8243; sticky_enabled=&#8221;0&#8243;][\/et_pb_video][et_pb_text _builder_version=&#8221;4.27.0&#8243; _module_preset=&#8221;default&#8221; hover_enabled=&#8221;0&#8243; global_colors_info=&#8221;{}&#8221; sticky_enabled=&#8221;0&#8243;]<\/p>\n<p style=\"font-weight: 400; text-align: center;\"><span><strong>Almazara Conde De Benalua (Granada) Digital Transformation Success Story (Project 2018-2020) &#8211; Olive Mill Brownfield &#8211; Audit\/Consultancy Process -&gt; Phased Implementation of the Automation and Digitisation of the Processes of an Existing Olive Mill (Brownfield)<\/strong><\/span><\/p>\n<p>[\/et_pb_text][et_pb_video src=&#8221;https:\/\/youtu.be\/Vkp6s6h9MOk?si=AZExxX6mN3X4xifw&#8221; _builder_version=&#8221;4.27.0&#8243; _module_preset=&#8221;default&#8221; hover_enabled=&#8221;0&#8243; sticky_enabled=&#8221;0&#8243;][\/et_pb_video][\/et_pb_column][\/et_pb_row][\/et_pb_section]<\/p>\n","protected":false},"excerpt":{"rendered":"<p>ANSOTEC ANSOTEC Technological Solutions is a Spanish company founded in 2007 with almost a hundred people and based in Hu\u00e9tor-T\u00e1jar (Granada) dedicated to the Digital Transformation for Industry 4.0, we are an engineering company with a high expertise in Process Control Systems offering turnkey projects of this type, we are an official partner among others [&hellip;]<\/p>\n","protected":false},"author":1,"featured_media":0,"parent":0,"menu_order":0,"comment_status":"closed","ping_status":"closed","template":"","meta":{"_et_pb_use_builder":"on","_et_pb_old_content":"","_et_gb_content_width":"","ngg_post_thumbnail":0,"footnotes":""},"class_list":["post-3564","page","type-page","status-publish","hentry"],"yoast_head":"<!-- This site is optimized with the Yoast SEO plugin v23.1 - https:\/\/yoast.com\/wordpress\/plugins\/seo\/ -->\n<title>ANSOTEC - AEMODA<\/title>\n<meta name=\"robots\" content=\"index, follow, max-snippet:-1, max-image-preview:large, max-video-preview:-1\" \/>\n<link rel=\"canonical\" href=\"https:\/\/aemoda.com\/en\/ansotec\/\" \/>\n<meta property=\"og:locale\" content=\"en_US\" \/>\n<meta property=\"og:type\" content=\"article\" \/>\n<meta property=\"og:title\" content=\"ANSOTEC - AEMODA\" \/>\n<meta property=\"og:description\" content=\"ANSOTEC ANSOTEC Technological Solutions is a Spanish company founded in 2007 with almost a hundred people and based in Hu\u00e9tor-T\u00e1jar (Granada) dedicated to the Digital Transformation for Industry 4.0, we are an engineering company with a high expertise in Process Control Systems offering turnkey projects of this type, we are an official partner among others [&hellip;]\" \/>\n<meta property=\"og:url\" content=\"https:\/\/aemoda.com\/en\/ansotec\/\" \/>\n<meta property=\"og:site_name\" content=\"AEMODA\" \/>\n<meta property=\"article:publisher\" content=\"https:\/\/www.facebook.com\/profile.php?id=100055135007306\" \/>\n<meta property=\"article:modified_time\" content=\"2025-03-15T19:56:03+00:00\" \/>\n<meta property=\"og:image\" content=\"https:\/\/aemoda.com\/wp-content\/uploads\/2023\/04\/cropped-emoticono.jpg\" \/>\n\t<meta property=\"og:image:width\" content=\"512\" \/>\n\t<meta property=\"og:image:height\" content=\"512\" \/>\n\t<meta property=\"og:image:type\" content=\"image\/jpeg\" \/>\n<meta name=\"twitter:card\" content=\"summary_large_image\" \/>\n<meta name=\"twitter:label1\" content=\"Est. reading time\" \/>\n\t<meta name=\"twitter:data1\" content=\"7 minutes\" \/>\n<script type=\"application\/ld+json\" class=\"yoast-schema-graph\">{\"@context\":\"https:\/\/schema.org\",\"@graph\":[{\"@type\":\"WebPage\",\"@id\":\"https:\/\/aemoda.com\/en\/ansotec\/\",\"url\":\"https:\/\/aemoda.com\/en\/ansotec\/\",\"name\":\"ANSOTEC - AEMODA\",\"isPartOf\":{\"@id\":\"https:\/\/aemoda.com\/en\/#website\"},\"datePublished\":\"2025-03-15T19:29:56+00:00\",\"dateModified\":\"2025-03-15T19:56:03+00:00\",\"breadcrumb\":{\"@id\":\"https:\/\/aemoda.com\/en\/ansotec\/#breadcrumb\"},\"inLanguage\":\"en-US\",\"potentialAction\":[{\"@type\":\"ReadAction\",\"target\":[\"https:\/\/aemoda.com\/en\/ansotec\/\"]}]},{\"@type\":\"BreadcrumbList\",\"@id\":\"https:\/\/aemoda.com\/en\/ansotec\/#breadcrumb\",\"itemListElement\":[{\"@type\":\"ListItem\",\"position\":1,\"name\":\"Portada\",\"item\":\"https:\/\/aemoda.com\/en\/home\/\"},{\"@type\":\"ListItem\",\"position\":2,\"name\":\"ANSOTEC\"}]},{\"@type\":\"WebSite\",\"@id\":\"https:\/\/aemoda.com\/en\/#website\",\"url\":\"https:\/\/aemoda.com\/en\/\",\"name\":\"AEMODA\",\"description\":\"Asociaci\u00f3n Espa\u00f1ola de Maestros y Operarios de Almazara\",\"publisher\":{\"@id\":\"https:\/\/aemoda.com\/en\/#organization\"},\"alternateName\":\"Asociaci\u00f3n Espa\u00f1ola de Maestros y Operarios de Almazara\",\"potentialAction\":[{\"@type\":\"SearchAction\",\"target\":{\"@type\":\"EntryPoint\",\"urlTemplate\":\"https:\/\/aemoda.com\/en\/?s={search_term_string}\"},\"query-input\":\"required name=search_term_string\"}],\"inLanguage\":\"en-US\"},{\"@type\":\"Organization\",\"@id\":\"https:\/\/aemoda.com\/en\/#organization\",\"name\":\"AEMODA, Asociaci\u00f3n Espa\u00f1ola de Maestros y Operarios de Almazara\",\"alternateName\":\"Asociaci\u00f3n Espa\u00f1ola de Maestros y Operarios de Almazara\",\"url\":\"https:\/\/aemoda.com\/en\/\",\"logo\":{\"@type\":\"ImageObject\",\"inLanguage\":\"en-US\",\"@id\":\"https:\/\/aemoda.com\/en\/#\/schema\/logo\/image\/\",\"url\":\"https:\/\/aemoda.com\/wp-content\/uploads\/2023\/04\/logo_3-removebg-preview.png\",\"contentUrl\":\"https:\/\/aemoda.com\/wp-content\/uploads\/2023\/04\/logo_3-removebg-preview.png\",\"width\":816,\"height\":306,\"caption\":\"AEMODA, Asociaci\u00f3n Espa\u00f1ola de Maestros y Operarios de Almazara\"},\"image\":{\"@id\":\"https:\/\/aemoda.com\/en\/#\/schema\/logo\/image\/\"},\"sameAs\":[\"https:\/\/www.facebook.com\/profile.php?id=100055135007306\"]}]}<\/script>\n<!-- \/ Yoast SEO plugin. -->","yoast_head_json":{"title":"ANSOTEC - AEMODA","robots":{"index":"index","follow":"follow","max-snippet":"max-snippet:-1","max-image-preview":"max-image-preview:large","max-video-preview":"max-video-preview:-1"},"canonical":"https:\/\/aemoda.com\/en\/ansotec\/","og_locale":"en_US","og_type":"article","og_title":"ANSOTEC - AEMODA","og_description":"ANSOTEC ANSOTEC Technological Solutions is a Spanish company founded in 2007 with almost a hundred people and based in Hu\u00e9tor-T\u00e1jar (Granada) dedicated to the Digital Transformation for Industry 4.0, we are an engineering company with a high expertise in Process Control Systems offering turnkey projects of this type, we are an official partner among others [&hellip;]","og_url":"https:\/\/aemoda.com\/en\/ansotec\/","og_site_name":"AEMODA","article_publisher":"https:\/\/www.facebook.com\/profile.php?id=100055135007306","article_modified_time":"2025-03-15T19:56:03+00:00","og_image":[{"width":512,"height":512,"url":"https:\/\/aemoda.com\/wp-content\/uploads\/2023\/04\/cropped-emoticono.jpg","type":"image\/jpeg"}],"twitter_card":"summary_large_image","twitter_misc":{"Est. reading time":"7 minutes"},"schema":{"@context":"https:\/\/schema.org","@graph":[{"@type":"WebPage","@id":"https:\/\/aemoda.com\/en\/ansotec\/","url":"https:\/\/aemoda.com\/en\/ansotec\/","name":"ANSOTEC - AEMODA","isPartOf":{"@id":"https:\/\/aemoda.com\/en\/#website"},"datePublished":"2025-03-15T19:29:56+00:00","dateModified":"2025-03-15T19:56:03+00:00","breadcrumb":{"@id":"https:\/\/aemoda.com\/en\/ansotec\/#breadcrumb"},"inLanguage":"en-US","potentialAction":[{"@type":"ReadAction","target":["https:\/\/aemoda.com\/en\/ansotec\/"]}]},{"@type":"BreadcrumbList","@id":"https:\/\/aemoda.com\/en\/ansotec\/#breadcrumb","itemListElement":[{"@type":"ListItem","position":1,"name":"Portada","item":"https:\/\/aemoda.com\/en\/home\/"},{"@type":"ListItem","position":2,"name":"ANSOTEC"}]},{"@type":"WebSite","@id":"https:\/\/aemoda.com\/en\/#website","url":"https:\/\/aemoda.com\/en\/","name":"AEMODA","description":"Asociaci\u00f3n Espa\u00f1ola de Maestros y Operarios de Almazara","publisher":{"@id":"https:\/\/aemoda.com\/en\/#organization"},"alternateName":"Asociaci\u00f3n Espa\u00f1ola de Maestros y Operarios de Almazara","potentialAction":[{"@type":"SearchAction","target":{"@type":"EntryPoint","urlTemplate":"https:\/\/aemoda.com\/en\/?s={search_term_string}"},"query-input":"required name=search_term_string"}],"inLanguage":"en-US"},{"@type":"Organization","@id":"https:\/\/aemoda.com\/en\/#organization","name":"AEMODA, Asociaci\u00f3n Espa\u00f1ola de Maestros y Operarios de Almazara","alternateName":"Asociaci\u00f3n Espa\u00f1ola de Maestros y Operarios de Almazara","url":"https:\/\/aemoda.com\/en\/","logo":{"@type":"ImageObject","inLanguage":"en-US","@id":"https:\/\/aemoda.com\/en\/#\/schema\/logo\/image\/","url":"https:\/\/aemoda.com\/wp-content\/uploads\/2023\/04\/logo_3-removebg-preview.png","contentUrl":"https:\/\/aemoda.com\/wp-content\/uploads\/2023\/04\/logo_3-removebg-preview.png","width":816,"height":306,"caption":"AEMODA, Asociaci\u00f3n Espa\u00f1ola de Maestros y Operarios de Almazara"},"image":{"@id":"https:\/\/aemoda.com\/en\/#\/schema\/logo\/image\/"},"sameAs":["https:\/\/www.facebook.com\/profile.php?id=100055135007306"]}]}},"_links":{"self":[{"href":"https:\/\/aemoda.com\/en\/wp-json\/wp\/v2\/pages\/3564","targetHints":{"allow":["GET"]}}],"collection":[{"href":"https:\/\/aemoda.com\/en\/wp-json\/wp\/v2\/pages"}],"about":[{"href":"https:\/\/aemoda.com\/en\/wp-json\/wp\/v2\/types\/page"}],"author":[{"embeddable":true,"href":"https:\/\/aemoda.com\/en\/wp-json\/wp\/v2\/users\/1"}],"replies":[{"embeddable":true,"href":"https:\/\/aemoda.com\/en\/wp-json\/wp\/v2\/comments?post=3564"}],"version-history":[{"count":3,"href":"https:\/\/aemoda.com\/en\/wp-json\/wp\/v2\/pages\/3564\/revisions"}],"predecessor-version":[{"id":3583,"href":"https:\/\/aemoda.com\/en\/wp-json\/wp\/v2\/pages\/3564\/revisions\/3583"}],"wp:attachment":[{"href":"https:\/\/aemoda.com\/en\/wp-json\/wp\/v2\/media?parent=3564"}],"curies":[{"name":"wp","href":"https:\/\/api.w.org\/{rel}","templated":true}]}}